{"id":1203,"date":"2018-07-18T14:57:54","date_gmt":"2018-07-18T12:57:54","guid":{"rendered":"http:\/\/pisabocce.matteoli.eu\/?page_id=1203"},"modified":"2021-09-26T22:31:40","modified_gmt":"2021-09-26T20:31:40","slug":"3-trofeo-petanque-g-vitali","status":"publish","type":"page","link":"http:\/\/pisabocce.it\/?page_id=1203","title":{"rendered":"Trofeo Pisa P\u00e9tanque &#8220;G.Vitali&#8221;"},"content":{"rendered":"<p><strong>La 4\u00b0 edizione del TROFEO PISA PETANQUE \u201cGiancarlo Vitali\u201d <\/strong>si svolger\u00e0 DOMENICA 10 OTTOBRE a Pisa. Ti aspettiamo!!<\/p>\n<div class=\"_1dwg _1w_m _q7o\">\n<div id=\"js_f7a\" class=\"_5pbx userContent _3ds9 _3576\">\n<div id=\"id_5b9c30ffbaef72b76515753\" class=\"text_exposed_root text_exposed\">\n<p>Nel 2016 la prima edizione, che si \u00e8 svolta a Pisa, Viale delle Piagge, durante l&#8217;anno in cui Pisa era citt\u00e0 europea dello sport. Nel 2017 si \u00e8 svolto ancora a Pisa mentre nel 2018, sempre organizzato dalla nostra Asd, si \u00e8 svolto a Riparbella, con il supporto della Proloco di Riparbella.<\/p>\n<p>Questi i vincitori nelle tre edizioni:<\/p>\n<p>Cat. Terne:<\/p>\n<p>2018:\u00a0<em><strong>Caponi Dino\/Basso Romano\/Baye<\/strong><\/em>\u00a0\u2013 Genova (ABG)<\/p>\n<p>2017:\u00a0<strong><em>Alfredo Damonte \/ Davide Addario \/ Della Garen \u2013\u00a0<\/em><\/strong>Sant\u2019Olcese, Genova (Casanova)<\/p>\n<p>2016:\u00a0<em><strong>Diego Pellegrino \/ Simone Giordano \/ Marco Fasciola<\/strong><\/em>\u00a0\u2013 Cuneo (Valle Maira)<\/p>\n<p>Cat. Coppie:<\/p>\n<p>2018:\u00a0<strong><em>Babacar Dieng \/ Gianluca Grondona<\/em><\/strong>\u00a0\u2013 Genova (Casanova\/ABG)<\/p>\n<p>2017: torneo promozionale:\u00a0<em><strong>Milano Araldo \u2013 Davide\u00a0<\/strong><\/em>(Petanque Buschese , Cuneo)<\/p>\n<p>2016:\u00a0<em><strong>Karim Lamhaimar \/ Malik Fall<\/strong>\u00a0<\/em>\u2013 Marocco \/ Senegal (non tesserato ; Il Lanternino, Genova)<\/p>\n<\/div>\n<\/div>\n<\/div>\n<p>Vi aspettiamo!!!<\/p>\n<p>S<\/p>\n","protected":false},"excerpt":{"rendered":"<p>La 4\u00b0 edizione del TROFEO PISA PETANQUE \u201cGiancarlo Vitali\u201d si svolger\u00e0 DOMENICA 10 OTTOBRE a Pisa. Ti aspettiamo!! Nel 2016 la prima edizione, che si \u00e8 svolta a Pisa, Viale delle Piagge, durante l&#8217;anno in cui Pisa era citt\u00e0 europea dello sport. Nel 2017 si \u00e8 svolto ancora a Pisa mentre nel 2018, sempre organizzato &hellip; <\/p>\n<p><a class=\"more-link btn\" href=\"http:\/\/pisabocce.it\/?page_id=1203\">Continua a leggere<\/a><\/p>\n","protected":false},"author":301,"featured_media":1983,"parent":0,"menu_order":0,"comment_status":"closed","ping_status":"closed","template":"","meta":{"_monsterinsights_skip_tracking":false,"_monsterinsights_sitenote_active":false,"_monsterinsights_sitenote_note":"","_monsterinsights_sitenote_category":0,"footnotes":""},"class_list":["post-1203","page","type-page","status-publish","has-post-thumbnail","hentry","nodate","item-wrap"],"_links":{"self":[{"href":"http:\/\/pisabocce.it\/index.php?rest_route=\/wp\/v2\/pages\/1203","targetHints":{"allow":["GET"]}}],"collection":[{"href":"http:\/\/pisabocce.it\/index.php?rest_route=\/wp\/v2\/pages"}],"about":[{"href":"http:\/\/pisabocce.it\/index.php?rest_route=\/wp\/v2\/types\/page"}],"author":[{"embeddable":true,"href":"http:\/\/pisabocce.it\/index.php?rest_route=\/wp\/v2\/users\/301"}],"replies":[{"embeddable":true,"href":"http:\/\/pisabocce.it\/index.php?rest_route=%2Fwp%2Fv2%2Fcomments&post=1203"}],"version-history":[{"count":15,"href":"http:\/\/pisabocce.it\/index.php?rest_route=\/wp\/v2\/pages\/1203\/revisions"}],"predecessor-version":[{"id":1985,"href":"http:\/\/pisabocce.it\/index.php?rest_route=\/wp\/v2\/pages\/1203\/revisions\/1985"}],"wp:featuredmedia":[{"embeddable":true,"href":"http:\/\/pisabocce.it\/index.php?rest_route=\/wp\/v2\/media\/1983"}],"wp:attachment":[{"href":"http:\/\/pisabocce.it\/index.php?rest_route=%2Fwp%2Fv2%2Fmedia&parent=1203"}],"curies":[{"name":"wp","href":"https:\/\/api.w.org\/{rel}","templated":true}]}}